{"id":597,"date":"2024-09-13T16:56:45","date_gmt":"2024-09-13T14:56:45","guid":{"rendered":"https:\/\/www.nikkakusendova.com\/?page_id=597"},"modified":"2024-11-09T09:13:43","modified_gmt":"2024-11-09T08:13:43","slug":"o-mne","status":"publish","type":"page","link":"https:\/\/www.nikkakusendova.com\/index.php\/o-mne\/","title":{"rendered":"O Mne"},"content":{"rendered":"\n<div class=\"wp-block-cover aligncenter\"><span aria-hidden=\"true\" class=\"wp-block-cover__background has-background-dim-0 has-background-dim\"><\/span><img loading=\"lazy\" decoding=\"async\" width=\"1024\" height=\"1024\" class=\"wp-block-cover__image-background wp-image-408\" alt=\"\" src=\"https:\/\/www.nikkakusendova.com\/wp-content\/uploads\/2024\/09\/10CC0225-5FE6-4C47-BA42-E30E48382183-1024x1024.jpeg\" style=\"object-position:11% 24%\" data-object-fit=\"cover\" data-object-position=\"11% 24%\" srcset=\"https:\/\/www.nikkakusendova.com\/wp-content\/uploads\/2024\/09\/10CC0225-5FE6-4C47-BA42-E30E48382183-1024x1024.jpeg 1024w, https:\/\/www.nikkakusendova.com\/wp-content\/uploads\/2024\/09\/10CC0225-5FE6-4C47-BA42-E30E48382183-300x300.jpeg 300w, https:\/\/www.nikkakusendova.com\/wp-content\/uploads\/2024\/09\/10CC0225-5FE6-4C47-BA42-E30E48382183-150x150.jpeg 150w, https:\/\/www.nikkakusendova.com\/wp-content\/uploads\/2024\/09\/10CC0225-5FE6-4C47-BA42-E30E48382183-768x768.jpeg 768w, https:\/\/www.nikkakusendova.com\/wp-content\/uploads\/2024\/09\/10CC0225-5FE6-4C47-BA42-E30E48382183-1140x1140.jpeg 1140w, https:\/\/www.nikkakusendova.com\/wp-content\/uploads\/2024\/09\/10CC0225-5FE6-4C47-BA42-E30E48382183-75x75.jpeg 75w, https:\/\/www.nikkakusendova.com\/wp-content\/uploads\/2024\/09\/10CC0225-5FE6-4C47-BA42-E30E48382183.jpeg 1280w\" sizes=\"auto, (max-width: 1024px) 100vw, 1024px\" \/><div class=\"wp-block-cover__inner-container is-layout-flow wp-block-cover-is-layout-flow\">\n<p class=\"has-text-align-left has-white-color has-text-color has-link-color has-small-font-size wp-elements-db6e48878aa7ae8fb0cd43cb17084c58\" style=\"margin-top:var(--wp--preset--spacing--50);margin-right:var(--wp--preset--spacing--80);margin-bottom:0\">Som NIKKA z malej Bo\u0161\u00e1ce, ktor\u00e1 odmali\u010dka spieva, ja\u0161\u00ed sa, <\/p>\n\n\n\n<p class=\"has-text-align-left has-white-color has-text-color has-link-color has-small-font-size wp-elements-38deaf7690dc9e42cf06f3bcad9d67b5\" style=\"margin-top:0;margin-right:var(--wp--preset--spacing--80);margin-bottom:0\">neobsed\u00ed, cestuje\u2026<\/p>\n\n\n\n<p style=\"font-size:5px\"><\/p>\n\n\n\n<p class=\"has-text-align-left has-white-color has-text-color has-link-color has-small-font-size wp-elements-94f6238fa7a924ad01f003e5d11dc5f3\" style=\"margin-top:0;margin-right:var(--wp--preset--spacing--80);margin-bottom:0\">\u0160tudujem na konzervat\u00f3riu v Banskej Bystrici herectvo-muzik\u00e1l.<\/p>\n\n\n\n<p class=\"has-text-align-left has-white-color has-text-color has-link-color has-small-font-size wp-elements-88d206314dc803a04e082de524ed3ae9\" style=\"margin-top:0;margin-right:var(--wp--preset--spacing--80);margin-bottom:0\">\u201cSom umelec\u201d\u2026teda tak vravia \u013eudia, ke\u010f si \u0161ialenec : \u2013 )<\/p>\n\n\n\n<p style=\"font-size:5px\"><\/p>\n\n\n\n<p class=\"has-text-align-left has-white-color has-text-color has-link-color has-small-font-size wp-elements-3bd97e2d1bb785f847a4494b08781966\" style=\"margin-top:0;margin-right:var(--wp--preset--spacing--80);margin-bottom:0\">\u0160ialenstvom sa za\u010dala aj moja cesta spievania, kedy som <\/p>\n\n\n\n<p class=\"has-text-align-left has-white-color has-text-color has-link-color has-small-font-size wp-elements-401db2766b162915c34c5e2018acff53\" style=\"margin-top:0;margin-right:var(--wp--preset--spacing--80);margin-bottom:0\">sa stala v\u00ed\u0165azkou show \u010cesko Slovensko m\u00e1 talent 2022.<\/p>\n\n\n\n<p class=\"has-text-align-left has-white-color has-text-color has-link-color has-small-font-size wp-elements-e3be25fe86ac85195a387d1259dcf734\" style=\"margin-top:0;margin-right:var(--wp--preset--spacing--80);margin-bottom:0\">Je to otvorenie br\u00e1n do toho, \u010do chcem robi\u0165 . <\/p>\n\n\n\n<p class=\"has-text-align-left has-white-color has-text-color has-link-color has-small-font-size wp-elements-07cc87661b6772af7818b8890c191378\" style=\"margin-top:0;margin-right:var(--wp--preset--spacing--80);margin-bottom:0\">Prij\u00edmam to so skromnos\u0165ou a \u2018\u2019drajvom\u2019\u2019 vyu\u017ei\u0165 t\u00fato pr\u00edle\u017eitos\u0165!<\/p>\n\n\n\n<p style=\"font-size:5px\"><\/p>\n\n\n\n<p class=\"has-text-align-left has-white-color has-text-color has-link-color has-small-font-size wp-elements-5dad385a4782839dbadc0310b198e0e8\" style=\"margin-top:0;margin-bottom:0\">Naozaj ma bav\u00ed by\u0165 mnou.<\/p>\n\n\n\n<p style=\"font-size:5px\"><\/p>\n\n\n\n<p class=\"has-text-align-left has-white-color has-text-color has-link-color has-small-font-size wp-elements-dbf5cb19fe15bba4299fa4f3d5c654ee\" style=\"margin-top:0;margin-bottom:0\">Moje pl\u00e1ny do bud\u00facna? Spieva\u0165. : \u2013 )<\/p>\n\n\n\n<p style=\"font-size:5px\"><\/p>\n\n\n\n<p class=\"has-text-align-left has-white-color has-text-color has-link-color has-medium-font-size wp-elements-3700acf0b26ec7406ae810d1f799495e\" style=\"margin-top:0;margin-right:var(--wp--preset--spacing--80);margin-bottom:var(--wp--preset--spacing--50)\"><em style=\"font-weight: bold;\">\u201c<strong>Hudba<\/strong> <\/em><strong><em>je m\u00f4j vzorec na <\/em><\/strong><em><strong>\u0161\u0165astie<\/strong>\u2026.\u201d<\/em><\/p>\n<\/div><\/div>\n","protected":false},"excerpt":{"rendered":"","protected":false},"author":1,"featured_media":0,"parent":0,"menu_order":0,"comment_status":"closed","ping_status":"closed","template":"","meta":{"footnotes":""},"class_list":["post-597","page","type-page","status-publish","hentry"],"yoast_head":"<!-- This site is optimized with the Yoast SEO plugin v23.4 - https:\/\/yoast.com\/wordpress\/plugins\/seo\/ -->\n<title>O Mne - NIKKA Kusendov\u00e1<\/title>\n<meta name=\"description\" content=\"NIKKA Kusendov\u00e1 ofici\u00e1lny web. Koncerty, kontakt, najnov\u0161ie skladby a m\u00f4j pr\u00edbeh. Hudba je m\u00f4j vzorec na \u0161\u0165astie\u2026\" \/>\n<meta name=\"robots\" content=\"index, follow, max-snippet:-1, max-image-preview:large, max-video-preview:-1\" \/>\n<link rel=\"canonical\" href=\"https:\/\/www.nikkakusendova.com\/index.php\/o-mne\/\" \/>\n<meta property=\"og:locale\" content=\"en_US\" \/>\n<meta property=\"og:type\" content=\"article\" \/>\n<meta property=\"og:title\" content=\"O Mne - NIKKA Kusendov\u00e1\" \/>\n<meta property=\"og:description\" content=\"NIKKA Kusendov\u00e1 ofici\u00e1lny web. Koncerty, kontakt, najnov\u0161ie skladby a m\u00f4j pr\u00edbeh. Hudba je m\u00f4j vzorec na \u0161\u0165astie\u2026\" \/>\n<meta property=\"og:url\" content=\"https:\/\/www.nikkakusendova.com\/index.php\/o-mne\/\" \/>\n<meta property=\"og:site_name\" content=\"NIKKA Kusendov\u00e1\" \/>\n<meta property=\"article:modified_time\" content=\"2024-11-09T08:13:43+00:00\" \/>\n<meta property=\"og:image\" content=\"https:\/\/www.nikkakusendova.com\/wp-content\/uploads\/2024\/09\/10CC0225-5FE6-4C47-BA42-E30E48382183-1024x1024.jpeg\" \/>\n<meta name=\"twitter:card\" content=\"summary_large_image\" \/>\n<meta name=\"twitter:label1\" content=\"Est. reading time\" \/>\n\t<meta name=\"twitter:data1\" content=\"1 minute\" \/>\n<script type=\"application\/ld+json\" class=\"yoast-schema-graph\">{\"@context\":\"https:\/\/schema.org\",\"@graph\":[{\"@type\":\"WebPage\",\"@id\":\"https:\/\/www.nikkakusendova.com\/index.php\/o-mne\/\",\"url\":\"https:\/\/www.nikkakusendova.com\/index.php\/o-mne\/\",\"name\":\"O Mne - NIKKA Kusendov\u00e1\",\"isPartOf\":{\"@id\":\"https:\/\/www.nikkakusendova.com\/#website\"},\"primaryImageOfPage\":{\"@id\":\"https:\/\/www.nikkakusendova.com\/index.php\/o-mne\/#primaryimage\"},\"image\":{\"@id\":\"https:\/\/www.nikkakusendova.com\/index.php\/o-mne\/#primaryimage\"},\"thumbnailUrl\":\"https:\/\/www.nikkakusendova.com\/wp-content\/uploads\/2024\/09\/10CC0225-5FE6-4C47-BA42-E30E48382183-1024x1024.jpeg\",\"datePublished\":\"2024-09-13T14:56:45+00:00\",\"dateModified\":\"2024-11-09T08:13:43+00:00\",\"description\":\"NIKKA Kusendov\u00e1 ofici\u00e1lny web. Koncerty, kontakt, najnov\u0161ie skladby a m\u00f4j pr\u00edbeh. Hudba je m\u00f4j vzorec na \u0161\u0165astie\u2026\",\"breadcrumb\":{\"@id\":\"https:\/\/www.nikkakusendova.com\/index.php\/o-mne\/#breadcrumb\"},\"inLanguage\":\"en-US\",\"potentialAction\":[{\"@type\":\"ReadAction\",\"target\":[\"https:\/\/www.nikkakusendova.com\/index.php\/o-mne\/\"]}]},{\"@type\":\"ImageObject\",\"inLanguage\":\"en-US\",\"@id\":\"https:\/\/www.nikkakusendova.com\/index.php\/o-mne\/#primaryimage\",\"url\":\"https:\/\/www.nikkakusendova.com\/wp-content\/uploads\/2024\/09\/10CC0225-5FE6-4C47-BA42-E30E48382183.jpeg\",\"contentUrl\":\"https:\/\/www.nikkakusendova.com\/wp-content\/uploads\/2024\/09\/10CC0225-5FE6-4C47-BA42-E30E48382183.jpeg\",\"width\":1280,\"height\":1280,\"caption\":\"Nikka\"},{\"@type\":\"BreadcrumbList\",\"@id\":\"https:\/\/www.nikkakusendova.com\/index.php\/o-mne\/#breadcrumb\",\"itemListElement\":[{\"@type\":\"ListItem\",\"position\":1,\"name\":\"Home\",\"item\":\"https:\/\/www.nikkakusendova.com\/\"},{\"@type\":\"ListItem\",\"position\":2,\"name\":\"O Mne\"}]},{\"@type\":\"WebSite\",\"@id\":\"https:\/\/www.nikkakusendova.com\/#website\",\"url\":\"https:\/\/www.nikkakusendova.com\/\",\"name\":\"Nikka Kusendov\u00e1\",\"description\":\"\",\"potentialAction\":[{\"@type\":\"SearchAction\",\"target\":{\"@type\":\"EntryPoint\",\"urlTemplate\":\"https:\/\/www.nikkakusendova.com\/?s={search_term_string}\"},\"query-input\":{\"@type\":\"PropertyValueSpecification\",\"valueRequired\":true,\"valueName\":\"search_term_string\"}}],\"inLanguage\":\"en-US\"}]}<\/script>\n<!-- \/ Yoast SEO plugin. -->","yoast_head_json":{"title":"O Mne - NIKKA Kusendov\u00e1","description":"NIKKA Kusendov\u00e1 ofici\u00e1lny web. Koncerty, kontakt, najnov\u0161ie skladby a m\u00f4j pr\u00edbeh. Hudba je m\u00f4j vzorec na \u0161\u0165astie\u2026","robots":{"index":"index","follow":"follow","max-snippet":"max-snippet:-1","max-image-preview":"max-image-preview:large","max-video-preview":"max-video-preview:-1"},"canonical":"https:\/\/www.nikkakusendova.com\/index.php\/o-mne\/","og_locale":"en_US","og_type":"article","og_title":"O Mne - NIKKA Kusendov\u00e1","og_description":"NIKKA Kusendov\u00e1 ofici\u00e1lny web. Koncerty, kontakt, najnov\u0161ie skladby a m\u00f4j pr\u00edbeh. Hudba je m\u00f4j vzorec na \u0161\u0165astie\u2026","og_url":"https:\/\/www.nikkakusendova.com\/index.php\/o-mne\/","og_site_name":"NIKKA Kusendov\u00e1","article_modified_time":"2024-11-09T08:13:43+00:00","og_image":[{"url":"https:\/\/www.nikkakusendova.com\/wp-content\/uploads\/2024\/09\/10CC0225-5FE6-4C47-BA42-E30E48382183-1024x1024.jpeg"}],"twitter_card":"summary_large_image","twitter_misc":{"Est. reading time":"1 minute"},"schema":{"@context":"https:\/\/schema.org","@graph":[{"@type":"WebPage","@id":"https:\/\/www.nikkakusendova.com\/index.php\/o-mne\/","url":"https:\/\/www.nikkakusendova.com\/index.php\/o-mne\/","name":"O Mne - NIKKA Kusendov\u00e1","isPartOf":{"@id":"https:\/\/www.nikkakusendova.com\/#website"},"primaryImageOfPage":{"@id":"https:\/\/www.nikkakusendova.com\/index.php\/o-mne\/#primaryimage"},"image":{"@id":"https:\/\/www.nikkakusendova.com\/index.php\/o-mne\/#primaryimage"},"thumbnailUrl":"https:\/\/www.nikkakusendova.com\/wp-content\/uploads\/2024\/09\/10CC0225-5FE6-4C47-BA42-E30E48382183-1024x1024.jpeg","datePublished":"2024-09-13T14:56:45+00:00","dateModified":"2024-11-09T08:13:43+00:00","description":"NIKKA Kusendov\u00e1 ofici\u00e1lny web. Koncerty, kontakt, najnov\u0161ie skladby a m\u00f4j pr\u00edbeh. Hudba je m\u00f4j vzorec na \u0161\u0165astie\u2026","breadcrumb":{"@id":"https:\/\/www.nikkakusendova.com\/index.php\/o-mne\/#breadcrumb"},"inLanguage":"en-US","potentialAction":[{"@type":"ReadAction","target":["https:\/\/www.nikkakusendova.com\/index.php\/o-mne\/"]}]},{"@type":"ImageObject","inLanguage":"en-US","@id":"https:\/\/www.nikkakusendova.com\/index.php\/o-mne\/#primaryimage","url":"https:\/\/www.nikkakusendova.com\/wp-content\/uploads\/2024\/09\/10CC0225-5FE6-4C47-BA42-E30E48382183.jpeg","contentUrl":"https:\/\/www.nikkakusendova.com\/wp-content\/uploads\/2024\/09\/10CC0225-5FE6-4C47-BA42-E30E48382183.jpeg","width":1280,"height":1280,"caption":"Nikka"},{"@type":"BreadcrumbList","@id":"https:\/\/www.nikkakusendova.com\/index.php\/o-mne\/#breadcrumb","itemListElement":[{"@type":"ListItem","position":1,"name":"Home","item":"https:\/\/www.nikkakusendova.com\/"},{"@type":"ListItem","position":2,"name":"O Mne"}]},{"@type":"WebSite","@id":"https:\/\/www.nikkakusendova.com\/#website","url":"https:\/\/www.nikkakusendova.com\/","name":"Nikka Kusendov\u00e1","description":"","potentialAction":[{"@type":"SearchAction","target":{"@type":"EntryPoint","urlTemplate":"https:\/\/www.nikkakusendova.com\/?s={search_term_string}"},"query-input":{"@type":"PropertyValueSpecification","valueRequired":true,"valueName":"search_term_string"}}],"inLanguage":"en-US"}]}},"_links":{"self":[{"href":"https:\/\/www.nikkakusendova.com\/index.php\/wp-json\/wp\/v2\/pages\/597","targetHints":{"allow":["GET"]}}],"collection":[{"href":"https:\/\/www.nikkakusendova.com\/index.php\/wp-json\/wp\/v2\/pages"}],"about":[{"href":"https:\/\/www.nikkakusendova.com\/index.php\/wp-json\/wp\/v2\/types\/page"}],"author":[{"embeddable":true,"href":"https:\/\/www.nikkakusendova.com\/index.php\/wp-json\/wp\/v2\/users\/1"}],"replies":[{"embeddable":true,"href":"https:\/\/www.nikkakusendova.com\/index.php\/wp-json\/wp\/v2\/comments?post=597"}],"version-history":[{"count":54,"href":"https:\/\/www.nikkakusendova.com\/index.php\/wp-json\/wp\/v2\/pages\/597\/revisions"}],"predecessor-version":[{"id":716,"href":"https:\/\/www.nikkakusendova.com\/index.php\/wp-json\/wp\/v2\/pages\/597\/revisions\/716"}],"wp:attachment":[{"href":"https:\/\/www.nikkakusendova.com\/index.php\/wp-json\/wp\/v2\/media?parent=597"}],"curies":[{"name":"wp","href":"https:\/\/api.w.org\/{rel}","templated":true}]}}