{"id":61,"date":"2024-09-09T22:50:48","date_gmt":"2024-09-09T20:50:48","guid":{"rendered":"https:\/\/www.nikkakusendova.com\/?page_id=61"},"modified":"2024-09-16T21:59:03","modified_gmt":"2024-09-16T19:59:03","slug":"kontakt","status":"publish","type":"page","link":"https:\/\/www.nikkakusendova.com\/index.php\/kontakt\/","title":{"rendered":"Kontakt"},"content":{"rendered":"<p>\u00a0<\/p>\n<p style=\"text-align: center;\">Manager \/ Booking :<\/p>\n<p style=\"text-align: center;\">Andrej Hru\u0161ka<\/p>\n<p style=\"text-align: center;\">tel.\u010d. 0905 754 600<\/p>\n<p style=\"text-align: center;\">email: andrej.hruska@gmail.com<\/p>\n\n\n<p class=\"has-text-align-center\"><\/p>\n","protected":false},"excerpt":{"rendered":"<p>\u00a0 Manager \/ Booking : Andrej Hru\u0161ka tel.\u010d. 0905 754 600 email: andrej.hruska@gmail.com<\/p>\n","protected":false},"author":1,"featured_media":0,"parent":0,"menu_order":0,"comment_status":"closed","ping_status":"closed","template":"","meta":{"footnotes":"[]"},"class_list":["post-61","page","type-page","status-publish","hentry"],"yoast_head":"<!-- This site is optimized with the Yoast SEO plugin v23.4 - https:\/\/yoast.com\/wordpress\/plugins\/seo\/ -->\n<title>Kontakt - NIKKA Kusendov\u00e1<\/title>\n<meta name=\"description\" content=\"NIKKA Kusendov\u00e1 ofici\u00e1lny web. Koncerty, kontakt, najnov\u0161ie skladby a m\u00f4j pr\u00edbeh. Hudba je m\u00f4j vzorec na \u0161\u0165astie\u2026\" \/>\n<meta name=\"robots\" content=\"index, follow, max-snippet:-1, max-image-preview:large, max-video-preview:-1\" \/>\n<link rel=\"canonical\" href=\"https:\/\/www.nikkakusendova.com\/index.php\/kontakt\/\" \/>\n<meta property=\"og:locale\" content=\"en_US\" \/>\n<meta property=\"og:type\" content=\"article\" \/>\n<meta property=\"og:title\" content=\"Kontakt - NIKKA Kusendov\u00e1\" \/>\n<meta property=\"og:description\" content=\"NIKKA Kusendov\u00e1 ofici\u00e1lny web. Koncerty, kontakt, najnov\u0161ie skladby a m\u00f4j pr\u00edbeh. Hudba je m\u00f4j vzorec na \u0161\u0165astie\u2026\" \/>\n<meta property=\"og:url\" content=\"https:\/\/www.nikkakusendova.com\/index.php\/kontakt\/\" \/>\n<meta property=\"og:site_name\" content=\"NIKKA Kusendov\u00e1\" \/>\n<meta property=\"article:modified_time\" content=\"2024-09-16T19:59:03+00:00\" \/>\n<meta name=\"twitter:card\" content=\"summary_large_image\" \/>\n<meta name=\"twitter:label1\" content=\"Est. reading time\" \/>\n\t<meta name=\"twitter:data1\" content=\"1 minute\" \/>\n<script type=\"application\/ld+json\" class=\"yoast-schema-graph\">{\"@context\":\"https:\/\/schema.org\",\"@graph\":[{\"@type\":\"WebPage\",\"@id\":\"https:\/\/www.nikkakusendova.com\/index.php\/kontakt\/\",\"url\":\"https:\/\/www.nikkakusendova.com\/index.php\/kontakt\/\",\"name\":\"Kontakt - NIKKA Kusendov\u00e1\",\"isPartOf\":{\"@id\":\"https:\/\/www.nikkakusendova.com\/#website\"},\"datePublished\":\"2024-09-09T20:50:48+00:00\",\"dateModified\":\"2024-09-16T19:59:03+00:00\",\"description\":\"NIKKA Kusendov\u00e1 ofici\u00e1lny web. Koncerty, kontakt, najnov\u0161ie skladby a m\u00f4j pr\u00edbeh. Hudba je m\u00f4j vzorec na \u0161\u0165astie\u2026\",\"breadcrumb\":{\"@id\":\"https:\/\/www.nikkakusendova.com\/index.php\/kontakt\/#breadcrumb\"},\"inLanguage\":\"en-US\",\"potentialAction\":[{\"@type\":\"ReadAction\",\"target\":[\"https:\/\/www.nikkakusendova.com\/index.php\/kontakt\/\"]}]},{\"@type\":\"BreadcrumbList\",\"@id\":\"https:\/\/www.nikkakusendova.com\/index.php\/kontakt\/#breadcrumb\",\"itemListElement\":[{\"@type\":\"ListItem\",\"position\":1,\"name\":\"Home\",\"item\":\"https:\/\/www.nikkakusendova.com\/\"},{\"@type\":\"ListItem\",\"position\":2,\"name\":\"Kontakt\"}]},{\"@type\":\"WebSite\",\"@id\":\"https:\/\/www.nikkakusendova.com\/#website\",\"url\":\"https:\/\/www.nikkakusendova.com\/\",\"name\":\"Nikka Kusendov\u00e1\",\"description\":\"\",\"potentialAction\":[{\"@type\":\"SearchAction\",\"target\":{\"@type\":\"EntryPoint\",\"urlTemplate\":\"https:\/\/www.nikkakusendova.com\/?s={search_term_string}\"},\"query-input\":{\"@type\":\"PropertyValueSpecification\",\"valueRequired\":true,\"valueName\":\"search_term_string\"}}],\"inLanguage\":\"en-US\"}]}<\/script>\n<!-- \/ Yoast SEO plugin. -->","yoast_head_json":{"title":"Kontakt - NIKKA Kusendov\u00e1","description":"NIKKA Kusendov\u00e1 ofici\u00e1lny web. Koncerty, kontakt, najnov\u0161ie skladby a m\u00f4j pr\u00edbeh. Hudba je m\u00f4j vzorec na \u0161\u0165astie\u2026","robots":{"index":"index","follow":"follow","max-snippet":"max-snippet:-1","max-image-preview":"max-image-preview:large","max-video-preview":"max-video-preview:-1"},"canonical":"https:\/\/www.nikkakusendova.com\/index.php\/kontakt\/","og_locale":"en_US","og_type":"article","og_title":"Kontakt - NIKKA Kusendov\u00e1","og_description":"NIKKA Kusendov\u00e1 ofici\u00e1lny web. Koncerty, kontakt, najnov\u0161ie skladby a m\u00f4j pr\u00edbeh. Hudba je m\u00f4j vzorec na \u0161\u0165astie\u2026","og_url":"https:\/\/www.nikkakusendova.com\/index.php\/kontakt\/","og_site_name":"NIKKA Kusendov\u00e1","article_modified_time":"2024-09-16T19:59:03+00:00","twitter_card":"summary_large_image","twitter_misc":{"Est. reading time":"1 minute"},"schema":{"@context":"https:\/\/schema.org","@graph":[{"@type":"WebPage","@id":"https:\/\/www.nikkakusendova.com\/index.php\/kontakt\/","url":"https:\/\/www.nikkakusendova.com\/index.php\/kontakt\/","name":"Kontakt - NIKKA Kusendov\u00e1","isPartOf":{"@id":"https:\/\/www.nikkakusendova.com\/#website"},"datePublished":"2024-09-09T20:50:48+00:00","dateModified":"2024-09-16T19:59:03+00:00","description":"NIKKA Kusendov\u00e1 ofici\u00e1lny web. Koncerty, kontakt, najnov\u0161ie skladby a m\u00f4j pr\u00edbeh. Hudba je m\u00f4j vzorec na \u0161\u0165astie\u2026","breadcrumb":{"@id":"https:\/\/www.nikkakusendova.com\/index.php\/kontakt\/#breadcrumb"},"inLanguage":"en-US","potentialAction":[{"@type":"ReadAction","target":["https:\/\/www.nikkakusendova.com\/index.php\/kontakt\/"]}]},{"@type":"BreadcrumbList","@id":"https:\/\/www.nikkakusendova.com\/index.php\/kontakt\/#breadcrumb","itemListElement":[{"@type":"ListItem","position":1,"name":"Home","item":"https:\/\/www.nikkakusendova.com\/"},{"@type":"ListItem","position":2,"name":"Kontakt"}]},{"@type":"WebSite","@id":"https:\/\/www.nikkakusendova.com\/#website","url":"https:\/\/www.nikkakusendova.com\/","name":"Nikka Kusendov\u00e1","description":"","potentialAction":[{"@type":"SearchAction","target":{"@type":"EntryPoint","urlTemplate":"https:\/\/www.nikkakusendova.com\/?s={search_term_string}"},"query-input":{"@type":"PropertyValueSpecification","valueRequired":true,"valueName":"search_term_string"}}],"inLanguage":"en-US"}]}},"_links":{"self":[{"href":"https:\/\/www.nikkakusendova.com\/index.php\/wp-json\/wp\/v2\/pages\/61","targetHints":{"allow":["GET"]}}],"collection":[{"href":"https:\/\/www.nikkakusendova.com\/index.php\/wp-json\/wp\/v2\/pages"}],"about":[{"href":"https:\/\/www.nikkakusendova.com\/index.php\/wp-json\/wp\/v2\/types\/page"}],"author":[{"embeddable":true,"href":"https:\/\/www.nikkakusendova.com\/index.php\/wp-json\/wp\/v2\/users\/1"}],"replies":[{"embeddable":true,"href":"https:\/\/www.nikkakusendova.com\/index.php\/wp-json\/wp\/v2\/comments?post=61"}],"version-history":[{"count":35,"href":"https:\/\/www.nikkakusendova.com\/index.php\/wp-json\/wp\/v2\/pages\/61\/revisions"}],"predecessor-version":[{"id":686,"href":"https:\/\/www.nikkakusendova.com\/index.php\/wp-json\/wp\/v2\/pages\/61\/revisions\/686"}],"wp:attachment":[{"href":"https:\/\/www.nikkakusendova.com\/index.php\/wp-json\/wp\/v2\/media?parent=61"}],"curies":[{"name":"wp","href":"https:\/\/api.w.org\/{rel}","templated":true}]}}